{"id":2,"date":"2025-03-19T19:43:40","date_gmt":"2025-03-19T19:43:40","guid":{"rendered":"https:\/\/www.rashguard.loabi.com.br\/?page_id=2"},"modified":"2025-04-26T16:53:36","modified_gmt":"2025-04-26T19:53:36","slug":"sample-page","status":"publish","type":"page","link":"https:\/\/www.rashguard.loabi.com.br\/","title":{"rendered":"Sample Page"},"content":{"rendered":"\t\t<div data-elementor-type=\"wp-page\" data-elementor-id=\"2\" class=\"elementor elementor-2\" data-elementor-post-type=\"page\">\n\t\t\t\t<div class=\"elementor-element elementor-element-3e0cdac e-con-full e-flex e-con e-parent\" data-id=\"3e0cdac\" data-element_type=\"container\" data-settings=\"{&quot;background_background&quot;:&quot;classic&quot;}\">\n\t\t\t\t<\/div>\n\t\t<div class=\"elementor-element elementor-element-b7cc9c2 e-con-full e-flex e-con e-parent\" data-id=\"b7cc9c2\" data-element_type=\"container\">\n\t\t<div class=\"elementor-element elementor-element-f0115db gallery e-flex e-con-boxed e-con e-child\" data-id=\"f0115db\" data-element_type=\"container\" data-settings=\"{&quot;background_background&quot;:&quot;classic&quot;}\">\n\t\t\t\t\t<div class=\"e-con-inner\">\n\t\t<div class=\"elementor-element elementor-element-5c32826 e-con-full e-flex e-con e-child\" data-id=\"5c32826\" data-element_type=\"container\" data-settings=\"{&quot;sticky&quot;:&quot;top&quot;,&quot;sticky_parent&quot;:&quot;yes&quot;,&quot;sticky_on&quot;:[&quot;desktop&quot;,&quot;tablet&quot;,&quot;mobile&quot;],&quot;sticky_offset&quot;:0,&quot;sticky_effects_offset&quot;:0,&quot;sticky_anchor_link_offset&quot;:0}\">\n\t\t<div class=\"elementor-element elementor-element-917e44d e-con-full desktopPhoto e-flex e-con e-child\" data-id=\"917e44d\" data-element_type=\"container\">\n\t\t<div class=\"elementor-element elementor-element-915de47 e-con-full desktopPhoto e-flex e-con e-child\" data-id=\"915de47\" data-element_type=\"container\" data-settings=\"{&quot;background_background&quot;:&quot;classic&quot;,&quot;position&quot;:&quot;absolute&quot;,&quot;sticky&quot;:&quot;top&quot;,&quot;sticky_parent&quot;:&quot;yes&quot;,&quot;sticky_on&quot;:[&quot;desktop&quot;,&quot;tablet&quot;,&quot;mobile&quot;],&quot;sticky_offset&quot;:0,&quot;sticky_effects_offset&quot;:0,&quot;sticky_anchor_link_offset&quot;:0}\">\n\t\t\t\t<\/div>\n\t\t<div class=\"elementor-element elementor-element-1c9ae35 e-con-full desktopPhoto e-flex e-con e-child\" data-id=\"1c9ae35\" data-element_type=\"container\" data-settings=\"{&quot;background_background&quot;:&quot;classic&quot;,&quot;position&quot;:&quot;absolute&quot;,&quot;sticky&quot;:&quot;top&quot;,&quot;sticky_parent&quot;:&quot;yes&quot;,&quot;sticky_on&quot;:[&quot;desktop&quot;,&quot;tablet&quot;,&quot;mobile&quot;],&quot;sticky_offset&quot;:0,&quot;sticky_effects_offset&quot;:0,&quot;sticky_anchor_link_offset&quot;:0}\">\n\t\t\t\t<\/div>\n\t\t<div class=\"elementor-element elementor-element-eb021b8 e-con-full desktopPhoto e-flex e-con e-child\" data-id=\"eb021b8\" data-element_type=\"container\" data-settings=\"{&quot;background_background&quot;:&quot;classic&quot;,&quot;position&quot;:&quot;absolute&quot;,&quot;sticky&quot;:&quot;top&quot;,&quot;sticky_parent&quot;:&quot;yes&quot;,&quot;sticky_on&quot;:[&quot;desktop&quot;,&quot;tablet&quot;,&quot;mobile&quot;],&quot;sticky_offset&quot;:0,&quot;sticky_effects_offset&quot;:0,&quot;sticky_anchor_link_offset&quot;:0}\">\n\t\t\t\t<\/div>\n\t\t<div class=\"elementor-element elementor-element-1ffefe4 e-con-full desktopPhoto e-flex e-con e-child\" data-id=\"1ffefe4\" data-element_type=\"container\" data-settings=\"{&quot;background_background&quot;:&quot;classic&quot;,&quot;position&quot;:&quot;absolute&quot;,&quot;sticky&quot;:&quot;top&quot;,&quot;sticky_parent&quot;:&quot;yes&quot;,&quot;sticky_on&quot;:[&quot;desktop&quot;,&quot;tablet&quot;,&quot;mobile&quot;],&quot;sticky_offset&quot;:0,&quot;sticky_effects_offset&quot;:0,&quot;sticky_anchor_link_offset&quot;:0}\">\n\t\t\t\t<\/div>\n\t\t<div class=\"elementor-element elementor-element-6658bba e-con-full desktopPhoto e-flex e-con e-child\" data-id=\"6658bba\" data-element_type=\"container\" data-settings=\"{&quot;background_background&quot;:&quot;classic&quot;,&quot;position&quot;:&quot;absolute&quot;,&quot;sticky&quot;:&quot;top&quot;,&quot;sticky_parent&quot;:&quot;yes&quot;,&quot;sticky_on&quot;:[&quot;desktop&quot;,&quot;tablet&quot;,&quot;mobile&quot;],&quot;sticky_offset&quot;:0,&quot;sticky_effects_offset&quot;:0,&quot;sticky_anchor_link_offset&quot;:0}\">\n\t\t\t\t<\/div>\n\t\t\t\t<\/div>\n\t\t\t\t<\/div>\n\t\t<div class=\"elementor-element elementor-element-7bf614f e-con-full e-flex e-con e-child\" data-id=\"7bf614f\" data-element_type=\"container\" data-settings=\"{&quot;sticky&quot;:&quot;top&quot;,&quot;sticky_parent&quot;:&quot;yes&quot;,&quot;sticky_on&quot;:[&quot;desktop&quot;,&quot;tablet&quot;,&quot;mobile&quot;],&quot;sticky_offset&quot;:0,&quot;sticky_effects_offset&quot;:0,&quot;sticky_anchor_link_offset&quot;:0}\">\n\t\t<div class=\"elementor-element elementor-element-ede95b8 e-con-full desktopContent e-flex e-con e-child\" data-id=\"ede95b8\" data-element_type=\"container\">\n\t\t<div class=\"elementor-element elementor-element-5dddfb9 e-con-full desktopContentSection e-flex e-con e-child\" data-id=\"5dddfb9\" data-element_type=\"container\">\n\t\t\t\t<div class=\"elementor-element elementor-element-2cd6c23 reveal elementor-widget elementor-widget-heading\" data-id=\"2cd6c23\" data-element_type=\"widget\" data-widget_type=\"heading.default\">\n\t\t\t\t<div class=\"elementor-widget-container\">\n\t\t\t\t\t<h2 class=\"elementor-heading-title elementor-size-default\">rashguard personalizada<\/h2>\t\t\t\t<\/div>\n\t\t\t\t<\/div>\n\t\t\t\t<div class=\"elementor-element elementor-element-f92175b elementor-widget elementor-widget-text-editor\" data-id=\"f92175b\" data-element_type=\"widget\" data-widget_type=\"text-editor.default\">\n\t\t\t\t<div class=\"elementor-widget-container\">\n\t\t\t\t\t\t\t\t\t<p>crie a sua como quiser, sem taxa de personaliza\u00e7\u00e3o e sem pedido m\u00ednimo<\/p>\t\t\t\t\t\t\t\t<\/div>\n\t\t\t\t<\/div>\n\t\t<div class=\"elementor-element elementor-element-9e9adf4 botao-container e-flex e-con-boxed e-con e-child\" data-id=\"9e9adf4\" data-element_type=\"container\">\n\t\t\t\t\t<div class=\"e-con-inner\">\n\t\t\t\t<div class=\"elementor-element elementor-element-f3bc551 elementor-widget elementor-widget-heading\" data-id=\"f3bc551\" data-element_type=\"widget\" data-widget_type=\"heading.default\">\n\t\t\t\t<div class=\"elementor-widget-container\">\n\t\t\t\t\t<h2 class=\"elementor-heading-title elementor-size-default\">92% POLI\u00c9STER 8% ELASTANO<\/h2>\t\t\t\t<\/div>\n\t\t\t\t<\/div>\n\t\t\t\t\t<\/div>\n\t\t\t\t<\/div>\n\t\t<div class=\"elementor-element elementor-element-0071ce4 botao-container e-flex e-con-boxed e-con e-child\" data-id=\"0071ce4\" data-element_type=\"container\">\n\t\t\t\t\t<div class=\"e-con-inner\">\n\t\t\t\t<div class=\"elementor-element elementor-element-c5859e5 elementor-widget elementor-widget-heading\" data-id=\"c5859e5\" data-element_type=\"widget\" data-widget_type=\"heading.default\">\n\t\t\t\t<div class=\"elementor-widget-container\">\n\t\t\t\t\t<h2 class=\"elementor-heading-title elementor-size-default\">180 DE GRAMATURA<\/h2>\t\t\t\t<\/div>\n\t\t\t\t<\/div>\n\t\t\t\t\t<\/div>\n\t\t\t\t<\/div>\n\t\t<div class=\"elementor-element elementor-element-338c889 botao-container e-flex e-con-boxed e-con e-child\" data-id=\"338c889\" data-element_type=\"container\">\n\t\t\t\t\t<div class=\"e-con-inner\">\n\t\t\t\t<div class=\"elementor-element elementor-element-e0319de elementor-widget elementor-widget-heading\" data-id=\"e0319de\" data-element_type=\"widget\" data-widget_type=\"heading.default\">\n\t\t\t\t<div class=\"elementor-widget-container\">\n\t\t\t\t\t<h2 class=\"elementor-heading-title elementor-size-default\">MODELAGEM EXCLUSIVA<\/h2>\t\t\t\t<\/div>\n\t\t\t\t<\/div>\n\t\t\t\t\t<\/div>\n\t\t\t\t<\/div>\n\t\t<div class=\"elementor-element elementor-element-013e928 botao-container e-flex e-con-boxed e-con e-child\" data-id=\"013e928\" data-element_type=\"container\">\n\t\t\t\t\t<div class=\"e-con-inner\">\n\t\t\t\t<div class=\"elementor-element elementor-element-5cb1377 elementor-widget elementor-widget-heading\" data-id=\"5cb1377\" data-element_type=\"widget\" data-widget_type=\"heading.default\">\n\t\t\t\t<div class=\"elementor-widget-container\">\n\t\t\t\t\t<h2 class=\"elementor-heading-title elementor-size-default\">PROTE\u00c7\u00c3O UV 50+<\/h2>\t\t\t\t<\/div>\n\t\t\t\t<\/div>\n\t\t\t\t\t<\/div>\n\t\t\t\t<\/div>\n\t\t\t\t<div class=\"elementor-element elementor-element-b1df1d8 elementor-widget elementor-widget-text-editor\" data-id=\"b1df1d8\" data-element_type=\"widget\" data-widget_type=\"text-editor.default\">\n\t\t\t\t<div class=\"elementor-widget-container\">\n\t\t\t\t\t\t\t\t\t<p>Ajuste perfeito ao corpo, tecido leve que proporciona conforto<\/p>\t\t\t\t\t\t\t\t<\/div>\n\t\t\t\t<\/div>\n\t\t\t\t<\/div>\n\t\t<div class=\"elementor-element elementor-element-1b5b129 e-con-full desktopContentSection e-flex e-con e-child\" data-id=\"1b5b129\" data-element_type=\"container\">\n\t\t\t\t<div class=\"elementor-element elementor-element-3d915b3 reveal elementor-widget elementor-widget-heading\" data-id=\"3d915b3\" data-element_type=\"widget\" data-widget_type=\"heading.default\">\n\t\t\t\t<div class=\"elementor-widget-container\">\n\t\t\t\t\t<h2 class=\"elementor-heading-title elementor-size-default\">sem pedido m\u00ednimo<\/h2>\t\t\t\t<\/div>\n\t\t\t\t<\/div>\n\t\t\t\t<div class=\"elementor-element elementor-element-1d5e627 elementor-widget elementor-widget-text-editor\" data-id=\"1d5e627\" data-element_type=\"widget\" data-widget_type=\"text-editor.default\">\n\t\t\t\t<div class=\"elementor-widget-container\">\n\t\t\t\t\t\t\t\t\t<p>produzimos a partir de uma unidade.<br \/><br \/><\/p><p>para quem quer se destacar divulgando seu nome ou patrocinador, ou ainda para quem deseja uniformizar sua equipe com estilo e profissionalismo<\/p><p>\u00a0<\/p><p>confira os pacotes:<\/p>\t\t\t\t\t\t\t\t<\/div>\n\t\t\t\t<\/div>\n\t\t\t\t<\/div>\n\t\t<div class=\"elementor-element elementor-element-4d6600e e-con-full desktopContentSection e-flex e-con e-child\" data-id=\"4d6600e\" data-element_type=\"container\">\n\t\t\t\t<div class=\"elementor-element elementor-element-12bedbe reveal elementor-widget elementor-widget-heading\" data-id=\"12bedbe\" data-element_type=\"widget\" data-widget_type=\"heading.default\">\n\t\t\t\t<div class=\"elementor-widget-container\">\n\t\t\t\t\t<h2 class=\"elementor-heading-title elementor-size-default\">01 UNIDADE EXCLUSIVA<\/h2>\t\t\t\t<\/div>\n\t\t\t\t<\/div>\n\t\t\t\t<div class=\"elementor-element elementor-element-61fe8a7 elementor-widget elementor-widget-text-editor\" data-id=\"61fe8a7\" data-element_type=\"widget\" data-widget_type=\"text-editor.default\">\n\t\t\t\t<div class=\"elementor-widget-container\">\n\t\t\t\t\t\t\t\t\t<p>possibilidade de colocar o nome, patroc\u00ednios, cores, logo da academia e o que o atleta quiser<\/p>\t\t\t\t\t\t\t\t<\/div>\n\t\t\t\t<\/div>\n\t\t<div class=\"elementor-element elementor-element-4d92a1e botao2-container e-flex e-con-boxed e-con e-child\" data-id=\"4d92a1e\" data-element_type=\"container\">\n\t\t\t\t\t<div class=\"e-con-inner\">\n\t\t\t\t<div class=\"elementor-element elementor-element-4e6e7be elementor-widget elementor-widget-heading\" data-id=\"4e6e7be\" data-element_type=\"widget\" data-widget_type=\"heading.default\">\n\t\t\t\t<div class=\"elementor-widget-container\">\n\t\t\t\t\t<h2 class=\"elementor-heading-title elementor-size-default\">R$ 159,90 UNIDADE<\/h2>\t\t\t\t<\/div>\n\t\t\t\t<\/div>\n\t\t\t\t\t<\/div>\n\t\t\t\t<\/div>\n\t\t\t\t<div class=\"elementor-element elementor-element-5f5e820 elementor-widget-mobile__width-inherit elementor-widget elementor-widget-text-editor\" data-id=\"5f5e820\" data-element_type=\"widget\" data-widget_type=\"text-editor.default\">\n\t\t\t\t<div class=\"elementor-widget-container\">\n\t\t\t\t\t\t\t\t\t<p style=\"text-align: center;\">uma rashguard s\u00f3 sua!<\/p>\t\t\t\t\t\t\t\t<\/div>\n\t\t\t\t<\/div>\n\t\t\t\t<\/div>\n\t\t<div class=\"elementor-element elementor-element-7f9b796 e-con-full desktopContentSection e-flex e-con e-child\" data-id=\"7f9b796\" data-element_type=\"container\">\n\t\t\t\t<div class=\"elementor-element elementor-element-acbc0da reveal elementor-widget elementor-widget-heading\" data-id=\"acbc0da\" data-element_type=\"widget\" data-widget_type=\"heading.default\">\n\t\t\t\t<div class=\"elementor-widget-container\">\n\t\t\t\t\t<h2 class=\"elementor-heading-title elementor-size-default\">AT\u00c9 20 UNIDADES<\/h2>\t\t\t\t<\/div>\n\t\t\t\t<\/div>\n\t\t\t\t<div class=\"elementor-element elementor-element-d79ca40 elementor-widget elementor-widget-text-editor\" data-id=\"d79ca40\" data-element_type=\"widget\" data-widget_type=\"text-editor.default\">\n\t\t\t\t<div class=\"elementor-widget-container\">\n\t\t\t\t\t\t\t\t\t<p>todas as unidades iguais, podendo variar manga longa\/curta e gradua\u00e7\u00e3o<\/p>\t\t\t\t\t\t\t\t<\/div>\n\t\t\t\t<\/div>\n\t\t<div class=\"elementor-element elementor-element-fbde470 botao3-container e-flex e-con-boxed e-con e-child\" data-id=\"fbde470\" data-element_type=\"container\">\n\t\t\t\t\t<div class=\"e-con-inner\">\n\t\t\t\t<div class=\"elementor-element elementor-element-0e23124 elementor-widget elementor-widget-heading\" data-id=\"0e23124\" data-element_type=\"widget\" data-widget_type=\"heading.default\">\n\t\t\t\t<div class=\"elementor-widget-container\">\n\t\t\t\t\t<h2 class=\"elementor-heading-title elementor-size-default\">R$ 99,90 UNIDADE<\/h2>\t\t\t\t<\/div>\n\t\t\t\t<\/div>\n\t\t\t\t\t<\/div>\n\t\t\t\t<\/div>\n\t\t\t\t<div class=\"elementor-element elementor-element-27dfd7a elementor-widget-mobile__width-inherit elementor-widget elementor-widget-text-editor\" data-id=\"27dfd7a\" data-element_type=\"widget\" data-widget_type=\"text-editor.default\">\n\t\t\t\t<div class=\"elementor-widget-container\">\n\t\t\t\t\t\t\t\t\t<p style=\"text-align: center;\">sua equipe padronizada!<\/p>\t\t\t\t\t\t\t\t<\/div>\n\t\t\t\t<\/div>\n\t\t\t\t<div class=\"elementor-element elementor-element-eef66ce elementor-widget-mobile__width-inherit elementor-widget elementor-widget-text-editor\" data-id=\"eef66ce\" data-element_type=\"widget\" data-widget_type=\"text-editor.default\">\n\t\t\t\t<div class=\"elementor-widget-container\">\n\t\t\t\t\t\t\t\t\t<ul><li>dentro do mesmo pedido pode haver varia\u00e7\u00e3o de cor em refer\u00eancia \u00e0 gradua\u00e7\u00e3o (branca, azul, roxa&#8230;)<\/li><\/ul><p>\u00a0<\/p><ul><li>manga longa possui um custo adicional de R$ 7,90 por pe\u00e7a.<\/li><\/ul>\t\t\t\t\t\t\t\t<\/div>\n\t\t\t\t<\/div>\n\t\t\t\t<\/div>\n\t\t<div class=\"elementor-element elementor-element-c690232 e-con-full desktopContentSection e-flex e-con e-child\" data-id=\"c690232\" data-element_type=\"container\">\n\t\t\t\t<div class=\"elementor-element elementor-element-31f1308 reveal elementor-widget elementor-widget-heading\" data-id=\"31f1308\" data-element_type=\"widget\" data-widget_type=\"heading.default\">\n\t\t\t\t<div class=\"elementor-widget-container\">\n\t\t\t\t\t<h2 class=\"elementor-heading-title elementor-size-default\">ACIMA DE 20 UNIDADES<\/h2>\t\t\t\t<\/div>\n\t\t\t\t<\/div>\n\t\t\t\t<div class=\"elementor-element elementor-element-4f0a2d7 elementor-widget elementor-widget-text-editor\" data-id=\"4f0a2d7\" data-element_type=\"widget\" data-widget_type=\"text-editor.default\">\n\t\t\t\t<div class=\"elementor-widget-container\">\n\t\t\t\t\t\t\t\t\t<p>todas as unidades iguais, podendo variar manga longa\/curta e gradua\u00e7\u00e3o<\/p>\t\t\t\t\t\t\t\t<\/div>\n\t\t\t\t<\/div>\n\t\t<div class=\"elementor-element elementor-element-58a30e4 botao4-container e-flex e-con-boxed e-con e-child\" data-id=\"58a30e4\" data-element_type=\"container\">\n\t\t\t\t\t<div class=\"e-con-inner\">\n\t\t\t\t<div class=\"elementor-element elementor-element-8e6e5f3 elementor-widget elementor-widget-heading\" data-id=\"8e6e5f3\" data-element_type=\"widget\" data-widget_type=\"heading.default\">\n\t\t\t\t<div class=\"elementor-widget-container\">\n\t\t\t\t\t<h2 class=\"elementor-heading-title elementor-size-default\">CONSULTE VALOR NO WHATSAPP<\/h2>\t\t\t\t<\/div>\n\t\t\t\t<\/div>\n\t\t\t\t\t<\/div>\n\t\t\t\t<\/div>\n\t\t\t\t<div class=\"elementor-element elementor-element-f452a44 elementor-widget elementor-widget-text-editor\" data-id=\"f452a44\" data-element_type=\"widget\" data-widget_type=\"text-editor.default\">\n\t\t\t\t<div class=\"elementor-widget-container\">\n\t\t\t\t\t\t\t\t\t<p>uma academia de qualidade come\u00e7a com uma equipe uniformizada<\/p>\t\t\t\t\t\t\t\t<\/div>\n\t\t\t\t<\/div>\n\t\t\t\t<div class=\"elementor-element elementor-element-756fee1 elementor-widget-mobile__width-inherit elementor-widget elementor-widget-text-editor\" data-id=\"756fee1\" data-element_type=\"widget\" data-widget_type=\"text-editor.default\">\n\t\t\t\t<div class=\"elementor-widget-container\">\n\t\t\t\t\t\t\t\t\t<ul><li>dentro do mesmo pedido pode haver varia\u00e7\u00e3o de cor em refer\u00eancia \u00e0 gradua\u00e7\u00e3o (branca, azul, roxa&#8230;)<\/li><\/ul><p>\u00a0<\/p><ul><li>manga longa possui um custo adicional de R$ 7,90 por pe\u00e7a.<\/li><\/ul>\t\t\t\t\t\t\t\t<\/div>\n\t\t\t\t<\/div>\n\t\t\t\t<\/div>\n\t\t<div class=\"elementor-element elementor-element-64c5a21 e-con-full desktopContentSection e-flex e-con e-child\" data-id=\"64c5a21\" data-element_type=\"container\">\n\t\t\t\t<div class=\"elementor-element elementor-element-99249c1 reveal elementor-widget elementor-widget-heading\" data-id=\"99249c1\" data-element_type=\"widget\" data-widget_type=\"heading.default\">\n\t\t\t\t<div class=\"elementor-widget-container\">\n\t\t\t\t\t<h2 class=\"elementor-heading-title elementor-size-default\">Estamos em Belo Horizonte<\/h2>\t\t\t\t<\/div>\n\t\t\t\t<\/div>\n\t\t\t\t<div class=\"elementor-element elementor-element-faa4d80 elementor-widget elementor-widget-text-editor\" data-id=\"faa4d80\" data-element_type=\"widget\" data-widget_type=\"text-editor.default\">\n\t\t\t\t<div class=\"elementor-widget-container\">\n\t\t\t\t\t\t\t\t\t<p style=\"text-align: left;\">solicite uma visita para experimentar modelos e ver a qualidade do nosso produto<\/p><p>\u00a0<\/p><p>qualquer d\u00favida, envie uma mensagem no whatsapp!<\/p>\t\t\t\t\t\t\t\t<\/div>\n\t\t\t\t<\/div>\n\t\t\t\t<\/div>\n\t\t\t\t<\/div>\n\t\t\t\t<\/div>\n\t\t\t\t\t<\/div>\n\t\t\t\t<\/div>\n\t\t\t\t<\/div>\n\t\t<div class=\"elementor-element elementor-element-e0bbd8d e-con-full e-flex e-con e-parent\" data-id=\"e0bbd8d\" data-element_type=\"container\" data-settings=\"{&quot;background_background&quot;:&quot;classic&quot;}\">\n\t\t\t\t<div class=\"elementor-element elementor-element-50a02e6 elementor-widget elementor-widget-heading\" data-id=\"50a02e6\" data-element_type=\"widget\" data-settings=\"{&quot;motion_fx_motion_fx_scrolling&quot;:&quot;yes&quot;,&quot;motion_fx_translateX_effect&quot;:&quot;yes&quot;,&quot;motion_fx_translateX_affectedRange&quot;:{&quot;unit&quot;:&quot;%&quot;,&quot;size&quot;:&quot;&quot;,&quot;sizes&quot;:{&quot;start&quot;:0,&quot;end&quot;:50}},&quot;motion_fx_translateX_speed&quot;:{&quot;unit&quot;:&quot;px&quot;,&quot;size&quot;:4,&quot;sizes&quot;:[]},&quot;motion_fx_devices&quot;:[&quot;desktop&quot;,&quot;tablet&quot;,&quot;mobile&quot;]}\" data-widget_type=\"heading.default\">\n\t\t\t\t<div class=\"elementor-widget-container\">\n\t\t\t\t\t<h2 class=\"elementor-heading-title elementor-size-default\">PRODUZA LOGO SUA RASHGUARD<\/h2>\t\t\t\t<\/div>\n\t\t\t\t<\/div>\n\t\t\t\t<div class=\"elementor-element elementor-element-31b450d botao-WPP elementor-widget elementor-widget-button\" data-id=\"31b450d\" data-element_type=\"widget\" data-widget_type=\"button.default\">\n\t\t\t\t<div class=\"elementor-widget-container\">\n\t\t\t\t\t\t\t\t\t<div class=\"elementor-button-wrapper\">\n\t\t\t\t\t<a class=\"elementor-button elementor-button-link elementor-size-sm\" href=\"https:\/\/wa.me\/5531993313298?text=Ol%C3%A1%2C%20quero%20saber%20mais%20sobre%20rashguard\">\n\t\t\t\t\t\t<span class=\"elementor-button-content-wrapper\">\n\t\t\t\t\t\t<span class=\"elementor-button-icon\">\n\t\t\t\t<svg aria-hidden=\"true\" class=\"e-font-icon-svg e-fab-whatsapp\" viewBox=\"0 0 448 512\" xmlns=\"http:\/\/www.w3.org\/2000\/svg\"><path d=\"M380.9 97.1C339 55.1 283.2 32 223.9 32c-122.4 0-222 99.6-222 222 0 39.1 10.2 77.3 29.6 111L0 480l117.7-30.9c32.4 17.7 68.9 27 106.1 27h.1c122.3 0 224.1-99.6 224.1-222 0-59.3-25.2-115-67.1-157zm-157 341.6c-33.2 0-65.7-8.9-94-25.7l-6.7-4-69.8 18.3L72 359.2l-4.4-7c-18.5-29.4-28.2-63.3-28.2-98.2 0-101.7 82.8-184.5 184.6-184.5 49.3 0 95.6 19.2 130.4 54.1 34.8 34.9 56.2 81.2 56.1 130.5 0 101.8-84.9 184.6-186.6 184.6zm101.2-138.2c-5.5-2.8-32.8-16.2-37.9-18-5.1-1.9-8.8-2.8-12.5 2.8-3.7 5.6-14.3 18-17.6 21.8-3.2 3.7-6.5 4.2-12 1.4-32.6-16.3-54-29.1-75.5-66-5.7-9.8 5.7-9.1 16.3-30.3 1.8-3.7.9-6.9-.5-9.7-1.4-2.8-12.5-30.1-17.1-41.2-4.5-10.8-9.1-9.3-12.5-9.5-3.2-.2-6.9-.2-10.6-.2-3.7 0-9.7 1.4-14.8 6.9-5.1 5.6-19.4 19-19.4 46.3 0 27.3 19.9 53.7 22.6 57.4 2.8 3.7 39.1 59.7 94.8 83.8 35.2 15.2 49 16.5 66.6 13.9 10.7-1.6 32.8-13.4 37.4-26.4 4.6-13 4.6-24.1 3.2-26.4-1.3-2.5-5-3.9-10.5-6.6z\"><\/path><\/svg>\t\t\t<\/span>\n\t\t\t\t\t\t\t\t\t<span class=\"elementor-button-text\">ENTRAR EM CONTATO<\/span>\n\t\t\t\t\t<\/span>\n\t\t\t\t\t<\/a>\n\t\t\t\t<\/div>\n\t\t\t\t\t\t\t\t<\/div>\n\t\t\t\t<\/div>\n\t\t\t\t<div class=\"elementor-element elementor-element-84834bc elementor-widget-mobile__width-inherit elementor-widget elementor-widget-text-editor\" data-id=\"84834bc\" data-element_type=\"widget\" data-widget_type=\"text-editor.default\">\n\t\t\t\t<div class=\"elementor-widget-container\">\n\t\t\t\t\t\t\t\t\t<ul><li>frete gr\u00e1tis para Belo Horizonte e regi\u00e3o;<\/li><li>produ\u00e7\u00e3o mediante pagamento de 50% do valor total<\/li><li>at\u00e9 30 dias de produ\u00e7\u00e3o a partir da confirma\u00e7\u00e3o de compra<\/li><li>\u00a0<\/li><\/ul>\t\t\t\t\t\t\t\t<\/div>\n\t\t\t\t<\/div>\n\t\t\t\t<\/div>\n\t\t<div class=\"elementor-element elementor-element-5de48ac e-flex e-con-boxed e-con e-parent\" data-id=\"5de48ac\" data-element_type=\"container\">\n\t\t\t\t\t<div class=\"e-con-inner\">\n\t\t\t\t<div class=\"elementor-element elementor-element-72b204c elementor-widget elementor-widget-html\" data-id=\"72b204c\" data-element_type=\"widget\" data-widget_type=\"html.default\">\n\t\t\t\t<div class=\"elementor-widget-container\">\n\t\t\t\t\t<script src=\"https:\/\/cdnjs.cloudflare.com\/ajax\/libs\/gsap\/3.11.0\/gsap.min.js\"><\/script>\r\n<script src=\"https:\/\/cdnjs.cloudflare.com\/ajax\/libs\/gsap\/3.11.0\/ScrollTrigger.min.js\"><\/script>\r\n\r\n<script>\r\nlet mediaAnimation = gsap.matchMedia();\r\nScrollTrigger.defaults({\r\n  markers: false\r\n});\r\n\r\nconst colors = [\"#2E4D71\", \"#856546\", \"#05625C\", \"#5A483E\", \"#886648\"];\r\n\r\nmediaAnimation.add(\"(min-width: 0px)\", () => {\r\n\r\n  const details = gsap.utils.toArray(\".desktopContentSection:not(:first-child)\");\r\n  const photos = gsap.utils.toArray(\".desktopPhoto:not(:first-child)\");\r\n\r\n  gsap.set(photos, { clipPath: 'inset(100% 0% 0% 0%)', autoAlpha: 1 });\r\n\r\n  const allPhotos = gsap.utils.toArray(\".desktopPhoto\");\r\n\r\n  details.forEach((section, i) => {\r\n      let bgColor = colors[i + 1];\r\n      ScrollTrigger.create({\r\n          trigger: section,\r\n          start: \"200 bottom\",\r\n          end: \"+=100%\",\r\n\r\n          onToggle: self => {\r\n              if (self.isActive) {\r\n                  gsap.to(\".gallery\", { backgroundColor: bgColor });\r\n              } else if ((i === 0 && self.direction < 0) || (i === details.length - 1 && self.direction > 0)) {\r\n                  gsap.to(\".gallery\", { backgroundColor: \"#2E4D71\" });\r\n              }\r\n          }\r\n      });\r\n  });\r\n\r\n  details.forEach((detail, index) => {\r\n      let headline = detail.querySelector(\".reveal\");\r\n      let animation = gsap.timeline()\r\n          .to(photos[index], { clipPath: 'inset(0% 0% 0% 0%)', autoAlpha: 1, duration: 1.5 })\r\n          .set(allPhotos[index], { autoAlpha: 1, duration: 1.5 });\r\n\r\n      ScrollTrigger.create({\r\n          trigger: headline,\r\n          start: \"top 120%\",\r\n          end: \"top 60%\",\r\n          animation: animation,\r\n          scrub: true,\r\n          markers: false\r\n      });\r\n  });\r\n});\r\n\r\nmediaAnimation.add(\"(max-width: 665px)\", () => {\r\n  \/\/ Mobile\r\n  const details = gsap.utils.toArray(\".desktopContentSection:not(:first-child)\");\r\n\r\n  details.forEach((section, i) => {\r\n      let bgColor = colors[i + 1];\r\n      ScrollTrigger.create({\r\n          trigger: section,\r\n          start: \"200 bottom\",\r\n          end: \"+=100%\",\r\n\r\n          onToggle: self => {\r\n              if (self.isActive) {\r\n                  gsap.to(\".gallery\", { backgroundColor: bgColor });\r\n              } else if ((i === 0 && self.direction < 0) || (i === details.length - 1 && self.direction > 0)) {\r\n                  gsap.to(\".gallery\", { backgroundColor: \"#2E4D71\" });\r\n              }\r\n          }\r\n      });\r\n  });\r\n});\r\n<\/script>\t\t\t\t<\/div>\n\t\t\t\t<\/div>\n\t\t\t\t\t<\/div>\n\t\t\t\t<\/div>\n\t\t\t\t<\/div>\n\t\t","protected":false},"excerpt":{"rendered":"<p>rashguard personalizada crie a sua como quiser, sem taxa de personaliza\u00e7\u00e3o e sem pedido m\u00ednimo 92% POLI\u00c9STER 8% ELASTANO 180 DE GRAMATURA MODELAGEM EXCLUSIVA PROTE\u00c7\u00c3O UV 50+ Ajuste perfeito ao corpo, tecido leve que proporciona conforto sem pedido m\u00ednimo produzimos a partir de uma unidade. para quem quer se destacar divulgando seu nome ou patrocinador, [&hellip;]<\/p>\n","protected":false},"author":1,"featured_media":0,"parent":0,"menu_order":0,"comment_status":"closed","ping_status":"open","template":"elementor_canvas","meta":{"footnotes":""},"class_list":["post-2","page","type-page","status-publish","hentry"],"_links":{"self":[{"href":"https:\/\/www.rashguard.loabi.com.br\/index.php?rest_route=\/wp\/v2\/pages\/2","targetHints":{"allow":["GET"]}}],"collection":[{"href":"https:\/\/www.rashguard.loabi.com.br\/index.php?rest_route=\/wp\/v2\/pages"}],"about":[{"href":"https:\/\/www.rashguard.loabi.com.br\/index.php?rest_route=\/wp\/v2\/types\/page"}],"author":[{"embeddable":true,"href":"https:\/\/www.rashguard.loabi.com.br\/index.php?rest_route=\/wp\/v2\/users\/1"}],"replies":[{"embeddable":true,"href":"https:\/\/www.rashguard.loabi.com.br\/index.php?rest_route=%2Fwp%2Fv2%2Fcomments&post=2"}],"version-history":[{"count":5,"href":"https:\/\/www.rashguard.loabi.com.br\/index.php?rest_route=\/wp\/v2\/pages\/2\/revisions"}],"predecessor-version":[{"id":635,"href":"https:\/\/www.rashguard.loabi.com.br\/index.php?rest_route=\/wp\/v2\/pages\/2\/revisions\/635"}],"wp:attachment":[{"href":"https:\/\/www.rashguard.loabi.com.br\/index.php?rest_route=%2Fwp%2Fv2%2Fmedia&parent=2"}],"curies":[{"name":"wp","href":"https:\/\/api.w.org\/{rel}","templated":true}]}}